{"id":14301,"date":"2023-02-13T11:10:17","date_gmt":"2023-02-13T11:10:17","guid":{"rendered":"https:\/\/glc.pl\/nowa\/?page_id=14301"},"modified":"2024-09-05T12:15:52","modified_gmt":"2024-09-05T12:15:52","slug":"glc-tax","status":"publish","type":"page","link":"https:\/\/glc.pl\/en\/glc-tax\/","title":{"rendered":"Tax"},"content":{"rendered":"","protected":false},"excerpt":{"rendered":"","protected":false},"author":1,"featured_media":0,"parent":0,"menu_order":1,"comment_status":"closed","ping_status":"closed","template":"t_usluga.php","meta":{"footnotes":""},"class_list":["post-14301","page","type-page","status-publish","hentry"],"yoast_head":"<!-- This site is optimized with the Yoast SEO plugin v27.2 - https:\/\/yoast.com\/product\/yoast-seo-wordpress\/ -->\n<title>Tax advisory - Accounting, Legal &amp; Taxes in Poland \u2013 GLC<\/title>\n<meta name=\"robots\" content=\"index, follow, max-snippet:-1, max-image-preview:large, max-video-preview:-1\" \/>\n<link rel=\"canonical\" href=\"https:\/\/glc.pl\/en\/glc-tax\/\" \/>\n<meta property=\"og:locale\" content=\"en_US\" \/>\n<meta property=\"og:type\" content=\"article\" \/>\n<meta property=\"og:title\" content=\"Tax advisory - Accounting, Legal &amp; Taxes in Poland \u2013 GLC\" \/>\n<meta property=\"og:url\" content=\"https:\/\/glc.pl\/en\/glc-tax\/\" \/>\n<meta property=\"og:site_name\" content=\"GLC - Biuro rachunkowe\" \/>\n<meta property=\"article:publisher\" content=\"https:\/\/www.facebook.com\/GLCPodatkiPrawoAudytKsiegowoscHR\/\" \/>\n<meta property=\"article:modified_time\" content=\"2024-09-05T12:15:52+00:00\" \/>\n<meta property=\"og:image\" content=\"https:\/\/glc.pl\/cnt\/upld\/2023\/03\/glc-hero_poznajmy-sie.jpeg\" \/>\n\t<meta property=\"og:image:width\" content=\"2559\" \/>\n\t<meta property=\"og:image:height\" content=\"1706\" \/>\n\t<meta property=\"og:image:type\" content=\"image\/jpeg\" \/>\n<meta name=\"twitter:card\" content=\"summary_large_image\" \/>\n<script type=\"application\/ld+json\" class=\"yoast-schema-graph\">{\"@context\":\"https:\/\/schema.org\",\"@graph\":[{\"@type\":\"WebPage\",\"@id\":\"https:\/\/glc.pl\/en\/glc-tax\/\",\"url\":\"https:\/\/glc.pl\/en\/glc-tax\/\",\"name\":\"Tax advisory - Accounting, Legal & Taxes in Poland \u2013 GLC\",\"isPartOf\":{\"@id\":\"https:\/\/glc.pl\/#website\"},\"datePublished\":\"2023-02-13T11:10:17+00:00\",\"dateModified\":\"2024-09-05T12:15:52+00:00\",\"inLanguage\":\"en-US\",\"potentialAction\":[{\"@type\":\"ReadAction\",\"target\":[\"https:\/\/glc.pl\/en\/glc-tax\/\"]}]},{\"@type\":\"WebSite\",\"@id\":\"https:\/\/glc.pl\/#website\",\"url\":\"https:\/\/glc.pl\/\",\"name\":\"GLC - Biuro rachunkowe\",\"description\":\"GLC Ksi\u0119gowo\u015b\u0107 audyt podatki prawo p\u0142ace IT Warszawa Katowice\",\"publisher\":{\"@id\":\"https:\/\/glc.pl\/#organization\"},\"potentialAction\":[{\"@type\":\"SearchAction\",\"target\":{\"@type\":\"EntryPoint\",\"urlTemplate\":\"https:\/\/glc.pl\/?s={search_term_string}\"},\"query-input\":{\"@type\":\"PropertyValueSpecification\",\"valueRequired\":true,\"valueName\":\"search_term_string\"}}],\"inLanguage\":\"en-US\"},{\"@type\":\"Organization\",\"@id\":\"https:\/\/glc.pl\/#organization\",\"name\":\"GLC\",\"url\":\"https:\/\/glc.pl\/\",\"logo\":{\"@type\":\"ImageObject\",\"inLanguage\":\"en-US\",\"@id\":\"https:\/\/glc.pl\/#\/schema\/logo\/image\/\",\"url\":\"https:\/\/glc.pl\/cnt\/upld\/2023\/01\/logo_glc-transp.png\",\"contentUrl\":\"https:\/\/glc.pl\/cnt\/upld\/2023\/01\/logo_glc-transp.png\",\"width\":457,\"height\":322,\"caption\":\"GLC\"},\"image\":{\"@id\":\"https:\/\/glc.pl\/#\/schema\/logo\/image\/\"},\"sameAs\":[\"https:\/\/www.facebook.com\/GLCPodatkiPrawoAudytKsiegowoscHR\/\",\"https:\/\/pl.linkedin.com\/company\/grupa-leader\",\"https:\/\/www.youtube.com\/@glcczynimybiznesatwiejszym2990\"]}]}<\/script>\n<!-- \/ Yoast SEO plugin. -->","yoast_head_json":{"title":"Tax advisory - Accounting, Legal & Taxes in Poland \u2013 GLC","robots":{"index":"index","follow":"follow","max-snippet":"max-snippet:-1","max-image-preview":"max-image-preview:large","max-video-preview":"max-video-preview:-1"},"canonical":"https:\/\/glc.pl\/en\/glc-tax\/","og_locale":"en_US","og_type":"article","og_title":"Tax advisory - Accounting, Legal & Taxes in Poland \u2013 GLC","og_url":"https:\/\/glc.pl\/en\/glc-tax\/","og_site_name":"GLC - Biuro rachunkowe","article_publisher":"https:\/\/www.facebook.com\/GLCPodatkiPrawoAudytKsiegowoscHR\/","article_modified_time":"2024-09-05T12:15:52+00:00","og_image":[{"width":2559,"height":1706,"url":"https:\/\/glc.pl\/cnt\/upld\/2023\/03\/glc-hero_poznajmy-sie.jpeg","type":"image\/jpeg"}],"twitter_card":"summary_large_image","schema":{"@context":"https:\/\/schema.org","@graph":[{"@type":"WebPage","@id":"https:\/\/glc.pl\/en\/glc-tax\/","url":"https:\/\/glc.pl\/en\/glc-tax\/","name":"Tax advisory - Accounting, Legal & Taxes in Poland \u2013 GLC","isPartOf":{"@id":"https:\/\/glc.pl\/#website"},"datePublished":"2023-02-13T11:10:17+00:00","dateModified":"2024-09-05T12:15:52+00:00","inLanguage":"en-US","potentialAction":[{"@type":"ReadAction","target":["https:\/\/glc.pl\/en\/glc-tax\/"]}]},{"@type":"WebSite","@id":"https:\/\/glc.pl\/#website","url":"https:\/\/glc.pl\/","name":"GLC - Biuro rachunkowe","description":"GLC Ksi\u0119gowo\u015b\u0107 audyt podatki prawo p\u0142ace IT Warszawa Katowice","publisher":{"@id":"https:\/\/glc.pl\/#organization"},"potentialAction":[{"@type":"SearchAction","target":{"@type":"EntryPoint","urlTemplate":"https:\/\/glc.pl\/?s={search_term_string}"},"query-input":{"@type":"PropertyValueSpecification","valueRequired":true,"valueName":"search_term_string"}}],"inLanguage":"en-US"},{"@type":"Organization","@id":"https:\/\/glc.pl\/#organization","name":"GLC","url":"https:\/\/glc.pl\/","logo":{"@type":"ImageObject","inLanguage":"en-US","@id":"https:\/\/glc.pl\/#\/schema\/logo\/image\/","url":"https:\/\/glc.pl\/cnt\/upld\/2023\/01\/logo_glc-transp.png","contentUrl":"https:\/\/glc.pl\/cnt\/upld\/2023\/01\/logo_glc-transp.png","width":457,"height":322,"caption":"GLC"},"image":{"@id":"https:\/\/glc.pl\/#\/schema\/logo\/image\/"},"sameAs":["https:\/\/www.facebook.com\/GLCPodatkiPrawoAudytKsiegowoscHR\/","https:\/\/pl.linkedin.com\/company\/grupa-leader","https:\/\/www.youtube.com\/@glcczynimybiznesatwiejszym2990"]}]}},"_links":{"self":[{"href":"https:\/\/glc.pl\/en\/wp-json\/wp\/v2\/pages\/14301","targetHints":{"allow":["GET"]}}],"collection":[{"href":"https:\/\/glc.pl\/en\/wp-json\/wp\/v2\/pages"}],"about":[{"href":"https:\/\/glc.pl\/en\/wp-json\/wp\/v2\/types\/page"}],"author":[{"embeddable":true,"href":"https:\/\/glc.pl\/en\/wp-json\/wp\/v2\/users\/1"}],"replies":[{"embeddable":true,"href":"https:\/\/glc.pl\/en\/wp-json\/wp\/v2\/comments?post=14301"}],"version-history":[{"count":5,"href":"https:\/\/glc.pl\/en\/wp-json\/wp\/v2\/pages\/14301\/revisions"}],"predecessor-version":[{"id":65408,"href":"https:\/\/glc.pl\/en\/wp-json\/wp\/v2\/pages\/14301\/revisions\/65408"}],"wp:attachment":[{"href":"https:\/\/glc.pl\/en\/wp-json\/wp\/v2\/media?parent=14301"}],"curies":[{"name":"wp","href":"https:\/\/api.w.org\/{rel}","templated":true}]}}